





{"id":27319,"date":"2025-09-08T10:11:21","date_gmt":"2025-09-08T16:11:21","guid":{"rendered":"https:\/\/elpatiodepancho.com\/?page_id=27319"},"modified":"2025-09-14T15:55:59","modified_gmt":"2025-09-14T21:55:59","slug":"printable-menu","status":"publish","type":"page","link":"https:\/\/elpatiodepancho.com\/es\/printable-menu\/","title":{"rendered":"Men\u00fa imprimible"},"content":{"rendered":"<div class=\"epdp-printable-menu\" aria-label=\"Men\u00fa imprimible\">  <header class=\"epdp-menu-header\">    <div class=\"top-menu-image\">      <img decoding=\"async\" src=\"https:\/\/elpatiodepancho.com\/wp-content\/uploads\/2025\/09\/elpatiodepancho-printed-menu-header-esp-1.png\" class=\"epdp-header-image\" alt=\"Men\u00fa El Patio de Pancho\">    <\/div>  <\/header>    <div class=\"meta-row\">      <button class=\"epdp-print-btn\" style=\"font-size:.75em;max-width:30%;position:relative;float:right;\" onclick=\"window.print()\" type=\"button\">Imprimir<\/button>    <\/div>      <div class=\"epdp-intro\" style=\"font-size:.8em;\">\u00a1No necesitas una cuenta para hacer un pedido! Paga contra reembolso o con tarjeta de cr\u00e9dito.<\/div><section class=\"epdp-menu-section\"><h2>Desayuno<\/h2><ul class=\"epdp-menu-items\"><li class=\"epdp-menu-item\"><div class=\"epdp-line\"><a class=\"epdp-title\" href=\"https:\/\/elpatiodepancho.com\/es\/breakfast\/breakfast-burrito\/\">Burrito El Ancho Pancho<\/a><span class=\"epdp-dots\" aria-hidden=\"true\"><\/span><span class=\"epdp-price\"><span class=\"woocommerce-Price-amount amount\"><bdi><span class=\"woocommerce-Price-currencySymbol\">&#36;<\/span>7.00<\/bdi><\/span> <small class=\"woocommerce-price-suffix\">impuestos incluidos<\/small><\/span><\/div><div class=\"epdp-desc\">Tortilla de harina grande rellena de huevos revueltos, tocino ahumado, papas doradas hash brown con cebollas caramelizadas, queso cheddar, crema agria y salsa picante chilero.<\/div><\/li><li class=\"epdp-menu-item\"><div class=\"epdp-line\"><a class=\"epdp-title\" href=\"https:\/\/elpatiodepancho.com\/es\/breakfast\/cheddar-cheese-omelet\/\">Omelet de queso cheddar<\/a><span class=\"epdp-dots\" aria-hidden=\"true\"><\/span><span class=\"epdp-price\"><span class=\"woocommerce-Price-amount amount\"><bdi><span class=\"woocommerce-Price-currencySymbol\">&#36;<\/span>7.00<\/bdi><\/span> <small class=\"woocommerce-price-suffix\">impuestos incluidos<\/small><\/span><\/div><div class=\"epdp-desc\">Tortilla esponjosa de queso cheddar con dos tiras de tocino ahumado, papas dorado, tostadas con mermelada y mantequilla y fruta fresca.<\/div><\/li><li class=\"epdp-menu-item\"><div class=\"epdp-line\"><a class=\"epdp-title\" href=\"https:\/\/elpatiodepancho.com\/es\/breakfast\/crispy-potato-latkes\/\">Latkes de patata crujientes<\/a><span class=\"epdp-dots\" aria-hidden=\"true\"><\/span><span class=\"epdp-price\"><span class=\"woocommerce-Price-amount amount\"><bdi><span class=\"woocommerce-Price-currencySymbol\">&#36;<\/span>6.00<\/bdi><\/span> <small class=\"woocommerce-price-suffix\">impuestos incluidos<\/small><\/span><\/div><div class=\"epdp-desc\">Panqueques de papa crujientes con cebollino; servidos calientes con su elecci\u00f3n de crema agria o pur\u00e9 de manzana casero.<\/div><\/li><li class=\"epdp-menu-item\"><div class=\"epdp-line\"><a class=\"epdp-title\" href=\"https:\/\/elpatiodepancho.com\/es\/on-the-beach\/traditional-eggs-benedict\/\">Huevos Benedict<\/a><span class=\"epdp-dots\" aria-hidden=\"true\"><\/span><span class=\"epdp-price\"><span class=\"woocommerce-Price-amount amount\"><bdi><span class=\"woocommerce-Price-currencySymbol\">&#36;<\/span>8.00<\/bdi><\/span> <small class=\"woocommerce-price-suffix\">impuestos incluidos<\/small><\/span><\/div><div class=\"epdp-desc\">Huevos Benedict sobre un muffin ingl\u00e9s tostado con jam\u00f3n sellado, dos huevos poch\u00e9 y salsa holandesa casera caliente. Servido con una guarnici\u00f3n de desayuno. A\u00f1ada tocino o aguacate.<\/div><\/li><li class=\"epdp-menu-item\"><div class=\"epdp-line\"><a class=\"epdp-title\" href=\"https:\/\/elpatiodepancho.com\/es\/on-the-beach\/desayuno-nica-nica-breakfast\/\">Desayuno El T\u00edpico<\/a><span class=\"epdp-dots\" aria-hidden=\"true\"><\/span><span class=\"epdp-price\"><span class=\"woocommerce-Price-amount amount\"><bdi><span class=\"woocommerce-Price-currencySymbol\">&#36;<\/span>6.00<\/bdi><\/span> <small class=\"woocommerce-price-suffix\">impuestos incluidos<\/small><\/span><\/div><div class=\"epdp-desc\">2 huevos revueltos o fritos, gallo pinto, maduros, queso frito.<\/div><\/li><li class=\"epdp-menu-item\"><div class=\"epdp-line\"><a class=\"epdp-title\" href=\"https:\/\/elpatiodepancho.com\/es\/sides\/peanut-butter-toast\/\">Tostada de mantequilla de man\u00ed<\/a><span class=\"epdp-dots\" aria-hidden=\"true\"><\/span><span class=\"epdp-price\"><span class=\"woocommerce-Price-amount amount\"><bdi><span class=\"woocommerce-Price-currencySymbol\">&#36;<\/span>1.50<\/bdi><\/span> <small class=\"woocommerce-price-suffix\">impuestos incluidos<\/small><\/span><\/div><div class=\"epdp-desc\">2 rebanadas de pan tostado con mantequilla de man\u00ed (elige crujiente o suave)<\/div><\/li><li class=\"epdp-menu-item\"><div class=\"epdp-line\"><a class=\"epdp-title\" href=\"https:\/\/elpatiodepancho.com\/es\/breakfast\/nica-breakfast\/\">Desayuno Pinche Pancho<\/a><span class=\"epdp-dots\" aria-hidden=\"true\"><\/span><span class=\"epdp-price\"><span class=\"woocommerce-Price-amount amount\"><bdi><span class=\"woocommerce-Price-currencySymbol\">&#36;<\/span>3.50<\/bdi><\/span> <small class=\"woocommerce-price-suffix\">impuestos incluidos<\/small><\/span><\/div><div class=\"epdp-desc\">2 huevos, gallo pinto, pl\u00e1tano maduro frito.<\/div><\/li><\/ul><\/section><section class=\"epdp-menu-section\"><h2>Platos Principales<\/h2><ul class=\"epdp-menu-items\"><li class=\"epdp-menu-item\"><div class=\"epdp-line\"><a class=\"epdp-title\" href=\"https:\/\/elpatiodepancho.com\/es\/entrees\/blt-sandwich\/\">S\u00e1ndwich BLT<\/a><span class=\"epdp-dots\" aria-hidden=\"true\"><\/span><span class=\"epdp-price\"><span class=\"woocommerce-Price-amount amount\"><bdi><span class=\"woocommerce-Price-currencySymbol\">&#36;<\/span>7.00<\/bdi><\/span> <small class=\"woocommerce-price-suffix\">impuestos incluidos<\/small><\/span><\/div><div class=\"epdp-desc\">Tu cl\u00e1sico s\u00e1ndwich de tocino, lechuga y tomate sobre pan blanco tostado con mayonesa. Incluye papas fritas.<\/div><\/li><li class=\"epdp-menu-item\"><div class=\"epdp-line\"><a class=\"epdp-title\" href=\"https:\/\/elpatiodepancho.com\/es\/entrees\/classic-spaghetti-bolognese\/\">Espaguetis a la bolo\u00f1esa cl\u00e1sicos<\/a><span class=\"epdp-dots\" aria-hidden=\"true\"><\/span><span class=\"epdp-price\"><span class=\"woocommerce-Price-amount amount\"><bdi><span class=\"woocommerce-Price-currencySymbol\">&#36;<\/span>7.70<\/bdi><\/span> <small class=\"woocommerce-price-suffix\">impuestos incluidos<\/small><\/span><\/div><div class=\"epdp-desc\">Rag\u00fa de carne cocinado a fuego lento sobre espaguetis al dente, terminado con parmesano.<\/div><\/li><li class=\"epdp-menu-item\"><div class=\"epdp-line\"><a class=\"epdp-title\" href=\"https:\/\/elpatiodepancho.com\/es\/entrees\/fresh-1lb-caribbean-lobster-tail\/\">Cola de langosta caribe\u00f1a fresca de 1 libra<\/a><span class=\"epdp-dots\" aria-hidden=\"true\"><\/span><span class=\"epdp-price\"><span class=\"woocommerce-Price-amount amount\"><bdi><span class=\"woocommerce-Price-currencySymbol\">&#36;<\/span>25.00<\/bdi><\/span> <small class=\"woocommerce-price-suffix\">impuestos incluidos<\/small><\/span><\/div><div class=\"epdp-desc\">Cola de langosta caribe\u00f1a fresca de 1 libra: dulce, tierna y preparada tal como a usted le gusta.<\/div><\/li><li class=\"epdp-menu-item\"><div class=\"epdp-line\"><a class=\"epdp-title\" href=\"https:\/\/elpatiodepancho.com\/es\/entrees\/grilled-8oz-pork-fillet\/\">Filete de cerdo a la parrilla de 8 oz<\/a><span class=\"epdp-dots\" aria-hidden=\"true\"><\/span><span class=\"epdp-price\"><span class=\"woocommerce-Price-amount amount\"><bdi><span class=\"woocommerce-Price-currencySymbol\">&#36;<\/span>12.30<\/bdi><\/span> <small class=\"woocommerce-price-suffix\">impuestos incluidos<\/small><\/span><\/div><div class=\"epdp-desc\">Filete de cerdo a la parrilla de 8 oz servido con papas sazonadas y una ensalada verde mixta fresca con su elecci\u00f3n de rancho o vinagreta.<\/div><\/li><li class=\"epdp-menu-item\"><div class=\"epdp-line\"><a class=\"epdp-title\" href=\"https:\/\/elpatiodepancho.com\/es\/entrees\/grilled-hot-dogs\/\">Perros calientes a la parrilla<\/a><span class=\"epdp-dots\" aria-hidden=\"true\"><\/span><span class=\"epdp-price\"><span class=\"woocommerce-Price-amount amount\" aria-hidden=\"true\"><bdi><span class=\"woocommerce-Price-currencySymbol\">&#36;<\/span>5.00<\/bdi><\/span> <span aria-hidden=\"true\">\u2013<\/span> <span class=\"woocommerce-Price-amount amount\" aria-hidden=\"true\"><bdi><span class=\"woocommerce-Price-currencySymbol\">&#36;<\/span>6.00<\/bdi><\/span><span class=\"screen-reader-text\" data-no-translation=\"\" data-trp-gettext=\"\">Rango de precios: &#36;5.00 a &#36;6.00<\/span> <small class=\"woocommerce-price-suffix\">impuestos incluidos<\/small><\/span><\/div><div class=\"epdp-desc\">Los hot dogs de Pancho son salchichas de res, besadas al fuego, servidas en pan tostado con guarniciones a tu elecci\u00f3n. Elige tu estilo: Hot dog cl\u00e1sico: mostaza, k\u00e9tchup, salsa de pepinillos y cebolla. Hot dog con chili y queso: chili caliente\u2026<\/div><\/li><li class=\"epdp-menu-item\"><div class=\"epdp-line\"><a class=\"epdp-title\" href=\"https:\/\/elpatiodepancho.com\/es\/entrees\/hamburgers\/\">Hamburguesas y papas fritas<\/a><span class=\"epdp-dots\" aria-hidden=\"true\"><\/span><span class=\"epdp-price\"><span class=\"woocommerce-Price-amount amount\" aria-hidden=\"true\"><bdi><span class=\"woocommerce-Price-currencySymbol\">&#36;<\/span>6.00<\/bdi><\/span> <span aria-hidden=\"true\">\u2013<\/span> <span class=\"woocommerce-Price-amount amount\" aria-hidden=\"true\"><bdi><span class=\"woocommerce-Price-currencySymbol\">&#36;<\/span>7.50<\/bdi><\/span><span class=\"screen-reader-text\" data-no-translation=\"\" data-trp-gettext=\"\">Rango de precios: &#36;6.00 a &#36;7.50<\/span> <small class=\"woocommerce-price-suffix\">impuestos incluidos<\/small><\/span><\/div><div class=\"epdp-desc\">Nuestras hamburguesas empiezan con jugosa carne de res sellada a la plancha sobre pan tostado y guarniciones cl\u00e1sicas: lechuga, tomate, pepinillos y salsa de la casa. Elige tu estilo: Hamburguesa: la cl\u00e1sica, sencilla y perfecta. Hamburguesa con queso:\u2026<\/div><\/li><li class=\"epdp-menu-item\"><div class=\"epdp-line\"><a class=\"epdp-title\" href=\"https:\/\/elpatiodepancho.com\/es\/on-the-beach\/7-layer-dip\/\">Dip de 7 Capas<\/a><span class=\"epdp-dots\" aria-hidden=\"true\"><\/span><span class=\"epdp-price\"><span class=\"woocommerce-Price-amount amount\"><bdi><span class=\"woocommerce-Price-currencySymbol\">&#36;<\/span>4.00<\/bdi><\/span> <small class=\"woocommerce-price-suffix\">impuestos incluidos<\/small><\/span><\/div><div class=\"epdp-desc\">Frijoles refritos, salsa, guacamole, crema agria, queso, pico de gallo y aceitunas, todo apilado en un solo vaso. Perfecto para compartir (para 2 personas).<\/div><\/li><li class=\"epdp-menu-item\"><div class=\"epdp-line\"><a class=\"epdp-title\" href=\"https:\/\/elpatiodepancho.com\/es\/on-the-beach\/pulled-pork-sandwich\/\">S\u00e1ndwich de lomo de cerdo<\/a><span class=\"epdp-dots\" aria-hidden=\"true\"><\/span><span class=\"epdp-price\"><span class=\"woocommerce-Price-amount amount\"><bdi><span class=\"woocommerce-Price-currencySymbol\">&#36;<\/span>9.50<\/bdi><\/span> <small class=\"woocommerce-price-suffix\">impuestos incluidos<\/small><\/span><\/div><div class=\"epdp-desc\">Cerdo desmenuzado cocinado a fuego lento sobre un pan tostado con salsa barbacoa casera, ensalada cremosa y jalape\u00f1os encurtidos opcionales: grandes, sabrosos y listos para surfear.<\/div><\/li><li class=\"epdp-menu-item\"><div class=\"epdp-line\"><a class=\"epdp-title\" href=\"https:\/\/elpatiodepancho.com\/es\/on-the-beach\/bbq-beef-sandwich\/\">S\u00e1ndwich de carne de res desmenuzada a la barbacoa<\/a><span class=\"epdp-dots\" aria-hidden=\"true\"><\/span><span class=\"epdp-price\"><span class=\"woocommerce-Price-amount amount\"><bdi><span class=\"woocommerce-Price-currencySymbol\">&#36;<\/span>8.00<\/bdi><\/span> <small class=\"woocommerce-price-suffix\">impuestos incluidos<\/small><\/span><\/div><div class=\"epdp-desc\">Carne desmenuzada cocinada a fuego lento + barbacoa casera, ensalada de col crujiente, pan tostado, pepinillos en vinagre.<\/div><\/li><li class=\"epdp-menu-item\"><div class=\"epdp-line\"><a class=\"epdp-title\" href=\"https:\/\/elpatiodepancho.com\/es\/entrees\/steak-quesidilla\/\">Quesidilla de bistec<\/a><span class=\"epdp-dots\" aria-hidden=\"true\"><\/span><span class=\"epdp-price\"><span class=\"woocommerce-Price-amount amount\"><bdi><span class=\"woocommerce-Price-currencySymbol\">&#36;<\/span>7.00<\/bdi><\/span> <small class=\"woocommerce-price-suffix\">impuestos incluidos<\/small><\/span><\/div><div class=\"epdp-desc\">Crujiente tortilla de harina a la plancha, rellena de filete marinado a la parrilla, una mezcla derretida de quesillo nica y queso cheddar, cebolla y pimientos. Servida con pico de gallo, crema y nuestro\u2026<\/div><\/li><\/ul><\/section><div class=\"epdp-page-break\" aria-hidden=\"true\"><\/div><section class=\"epdp-menu-section\"><h2>Aperitivos y guarniciones<\/h2><ul class=\"epdp-menu-items\"><li class=\"epdp-menu-item\"><div class=\"epdp-line\"><a class=\"epdp-title\" href=\"https:\/\/elpatiodepancho.com\/es\/sides\/coleslaw\/\">Coleslaw<\/a><span class=\"epdp-dots\" aria-hidden=\"true\"><\/span><span class=\"epdp-price\"><span class=\"woocommerce-Price-amount amount\"><bdi><span class=\"woocommerce-Price-currencySymbol\">&#36;<\/span>2.00<\/bdi><\/span> <small class=\"woocommerce-price-suffix\">impuestos incluidos<\/small><\/span><\/div><div class=\"epdp-desc\">Ensalada de repollo cremosa con repollo y zanahoria.<\/div><\/li><li class=\"epdp-menu-item\"><div class=\"epdp-line\"><a class=\"epdp-title\" href=\"https:\/\/elpatiodepancho.com\/es\/breakfast\/crispy-potato-latkes\/\">Latkes de patata crujientes<\/a><span class=\"epdp-dots\" aria-hidden=\"true\"><\/span><span class=\"epdp-price\"><span class=\"woocommerce-Price-amount amount\"><bdi><span class=\"woocommerce-Price-currencySymbol\">&#36;<\/span>6.00<\/bdi><\/span> <small class=\"woocommerce-price-suffix\">impuestos incluidos<\/small><\/span><\/div><div class=\"epdp-desc\">Panqueques de papa crujientes con cebollino; servidos calientes con su elecci\u00f3n de crema agria o pur\u00e9 de manzana casero.<\/div><\/li><li class=\"epdp-menu-item\"><div class=\"epdp-line\"><a class=\"epdp-title\" href=\"https:\/\/elpatiodepancho.com\/es\/sides\/french-fries\/\">Papas fritas<\/a><span class=\"epdp-dots\" aria-hidden=\"true\"><\/span><span class=\"epdp-price\"><span class=\"woocommerce-Price-amount amount\"><bdi><span class=\"woocommerce-Price-currencySymbol\">&#36;<\/span>3.00<\/bdi><\/span> <small class=\"woocommerce-price-suffix\">impuestos incluidos<\/small><\/span><\/div><div class=\"epdp-desc\">Papas fritas crujientes con salsa de tomate.<\/div><\/li><li class=\"epdp-menu-item\"><div class=\"epdp-line\"><a class=\"epdp-title\" href=\"https:\/\/elpatiodepancho.com\/es\/on-the-beach\/7-layer-dip\/\">Dip de 7 Capas<\/a><span class=\"epdp-dots\" aria-hidden=\"true\"><\/span><span class=\"epdp-price\"><span class=\"woocommerce-Price-amount amount\"><bdi><span class=\"woocommerce-Price-currencySymbol\">&#36;<\/span>4.00<\/bdi><\/span> <small class=\"woocommerce-price-suffix\">impuestos incluidos<\/small><\/span><\/div><div class=\"epdp-desc\">Frijoles refritos, salsa, guacamole, crema agria, queso, pico de gallo y aceitunas, todo apilado en un solo vaso. Perfecto para compartir (para 2 personas).<\/div><\/li><li class=\"epdp-menu-item\"><div class=\"epdp-line\"><a class=\"epdp-title\" href=\"https:\/\/elpatiodepancho.com\/es\/sides\/peanut-butter-toast\/\">Tostada de mantequilla de man\u00ed<\/a><span class=\"epdp-dots\" aria-hidden=\"true\"><\/span><span class=\"epdp-price\"><span class=\"woocommerce-Price-amount amount\"><bdi><span class=\"woocommerce-Price-currencySymbol\">&#36;<\/span>1.50<\/bdi><\/span> <small class=\"woocommerce-price-suffix\">impuestos incluidos<\/small><\/span><\/div><div class=\"epdp-desc\">2 rebanadas de pan tostado con mantequilla de man\u00ed (elige crujiente o suave)<\/div><\/li><li class=\"epdp-menu-item\"><div class=\"epdp-line\"><a class=\"epdp-title\" href=\"https:\/\/elpatiodepancho.com\/es\/sides\/potato-salad\/\">Ensalada de Papa<\/a><span class=\"epdp-dots\" aria-hidden=\"true\"><\/span><span class=\"epdp-price\"><span class=\"woocommerce-Price-amount amount\"><bdi><span class=\"woocommerce-Price-currencySymbol\">&#36;<\/span>2.00<\/bdi><\/span> <small class=\"woocommerce-price-suffix\">impuestos incluidos<\/small><\/span><\/div><div class=\"epdp-desc\">Ensalada de papa cremosa al estilo picnic, preparada con papas russet suaves, apio crujiente, cebolla morada, relish de eneldo y huevo duro. Todo mezclado en un aderezo de mayonesa con mostaza de sabor \u00e1cido. Se sirve fr\u00eda y lista para cualquier parrillada o reuni\u00f3n.<\/div><\/li><li class=\"epdp-menu-item\"><div class=\"epdp-line\"><a class=\"epdp-title\" href=\"https:\/\/elpatiodepancho.com\/es\/sides\/side-of-bacon-thick-cut-hickory-smoked\/\">Loncha de tocino (corte grueso, ahumado)<\/a><span class=\"epdp-dots\" aria-hidden=\"true\"><\/span><span class=\"epdp-price\"><span class=\"woocommerce-Price-amount amount\"><bdi><span class=\"woocommerce-Price-currencySymbol\">&#36;<\/span>3.75<\/bdi><\/span> <small class=\"woocommerce-price-suffix\">impuestos incluidos<\/small><\/span><\/div><div class=\"epdp-desc\">Tocino ahumado en nogal cortado grueso: tres tiras crujientes, cocinadas a pedido.<\/div><\/li><\/ul><\/section><section class=\"epdp-menu-section\"><h2>Bebidas<\/h2><ul class=\"epdp-menu-items\"><li class=\"epdp-menu-item\"><div class=\"epdp-line\"><a class=\"epdp-title\" href=\"https:\/\/elpatiodepancho.com\/es\/drinks\/victoria\/\">Cervezas de Nicaragua<\/a><span class=\"epdp-dots\" aria-hidden=\"true\"><\/span><span class=\"epdp-price\"><span class=\"woocommerce-Price-amount amount\" aria-hidden=\"true\"><bdi><span class=\"woocommerce-Price-currencySymbol\">&#36;<\/span>2.00<\/bdi><\/span> <span aria-hidden=\"true\">\u2013<\/span> <span class=\"woocommerce-Price-amount amount\" aria-hidden=\"true\"><bdi><span class=\"woocommerce-Price-currencySymbol\">&#36;<\/span>3.50<\/bdi><\/span><span class=\"screen-reader-text\" data-no-translation=\"\" data-trp-gettext=\"\">Rango de precios: &#36;2.00 a &#36;3.50<\/span> <small class=\"woocommerce-price-suffix\">impuestos incluidos<\/small><\/span><\/div><div class=\"epdp-desc\">Elige entre Tona $2 | Victoria Classic $2 | Victoria Frost $2 | Bamboo Rum $2 | Michelada Clamato $3.50 | Michelada Tamarido $3.50 | Chelada $2.50<\/div><\/li><li class=\"epdp-menu-item\"><div class=\"epdp-line\"><a class=\"epdp-title\" href=\"https:\/\/elpatiodepancho.com\/es\/drinks\/coca-cola\/\">Coca Cola<\/a><span class=\"epdp-dots\" aria-hidden=\"true\"><\/span><span class=\"epdp-price\"><span class=\"woocommerce-Price-amount amount\"><bdi><span class=\"woocommerce-Price-currencySymbol\">&#36;<\/span>1.50<\/bdi><\/span> <small class=\"woocommerce-price-suffix\">impuestos incluidos<\/small><\/span><\/div><div class=\"epdp-desc\">La lata est\u00e1ndar de Coca-Cola que todos conocemos y amamos. \ud83d\ude42<\/div><\/li><li class=\"epdp-menu-item\"><div class=\"epdp-line\"><a class=\"epdp-title\" href=\"https:\/\/elpatiodepancho.com\/es\/drinks\/coffee-or-tea\/\">Caf\u00e9 o t\u00e9<\/a><span class=\"epdp-dots\" aria-hidden=\"true\"><\/span><span class=\"epdp-price\"><span class=\"woocommerce-Price-amount amount\"><bdi><span class=\"woocommerce-Price-currencySymbol\">&#36;<\/span>1.50<\/bdi><\/span> <small class=\"woocommerce-price-suffix\">impuestos incluidos<\/small><\/span><\/div><div class=\"epdp-desc\">Elige entre Americano, Latte, Espresso o Capuchino. El t\u00e9 est\u00e1 disponible en Earl Grey o Negro.<\/div><\/li><li class=\"epdp-menu-item\"><div class=\"epdp-line\"><a class=\"epdp-title\" href=\"https:\/\/elpatiodepancho.com\/es\/drinks\/purified-water-5gal\/\">Agua purificada (5 galones)<\/a><span class=\"epdp-dots\" aria-hidden=\"true\"><\/span><span class=\"epdp-price\"><span class=\"woocommerce-Price-amount amount\"><bdi><span class=\"woocommerce-Price-currencySymbol\">&#36;<\/span>3.00<\/bdi><\/span> <small class=\"woocommerce-price-suffix\">impuestos incluidos<\/small><\/span><\/div><div class=\"epdp-desc\">5 galones de agua en una garrafa. Garrafa no incluida.<\/div><\/li><li class=\"epdp-menu-item\"><div class=\"epdp-line\"><a class=\"epdp-title\" href=\"https:\/\/elpatiodepancho.com\/es\/drinks\/soda\/\">Refresco, jugo, agua embotellada<\/a><span class=\"epdp-dots\" aria-hidden=\"true\"><\/span><span class=\"epdp-price\"><span class=\"woocommerce-Price-amount amount\"><bdi><span class=\"woocommerce-Price-currencySymbol\">&#36;<\/span>1.64<\/bdi><\/span> <small class=\"woocommerce-price-suffix\">impuestos incluidos<\/small><\/span><\/div><div class=\"epdp-desc\">Elige entre Coca-Cola, Fresca, Sprite, Canada Dry Ginger Ale, Ensa, Agua Botellada 300ml., Limonada, Naranja Agria $1.64 ($C60)<\/div><\/li><\/ul><\/section><\/div><!-- \/epdp-printable-menu -->\n\n\n\n\n\n<style>\n\n\n@media print {\n  #wpadminbar,\n  #accountinfo > div.su-box-title,\n  #kt-scroll-up,\n  body > div.trp-language-switcher.trp-floating-switcher.trp-ls-inline.trp-switcher-position-bottom.trp-opposite-language,\n  body > div.woo-multi-currency.wmc-left.style-1.wmc-currency-flag.wmc-currency-code.wmc-bottom.wmc-sidebar,\n  .woo-multi-currency {\n    display: none !important;\n    visibility: hidden !important;\n  }\n}\n\n\n\n\n\n\n\n\n\n\n@media print {\n  \/* allow sections to flow onto the next page *\/\n  .epdp-menu-section{\n    break-inside: auto !important;\n    page-break-inside: auto !important;\n    margin-bottom: .6rem; \/* tighter spacing if you want *\/\n  }\n\n  \/* keep a single item from splitting across pages *\/\n  .epdp-menu-item{\n    break-inside: avoid !important;\n    page-break-inside: avoid !important;\n  }\n\n  \/* keep the section title with the first item *\/\n  .epdp-menu-section h2{\n    break-after: avoid-page !important;\n    page-break-after: avoid !important;\n    margin-bottom: .4rem;\n  }\n\n  \/* (optional) balance columns a bit better when printing *\/\n  .epdp-menu-items{\n    column-fill: balance;\n  }\n}\n\n\n\/* force a hard page break only in Print *\/\n.epdp-page-break{ display:none; }\n@media print{\n  .epdp-page-break{ display:block; break-before: page; page-break-before: always; }\n}\n\n\n<\/style>\n\n\n\n<p><\/p>","protected":false},"excerpt":{"rendered":"","protected":false},"author":3,"featured_media":0,"parent":0,"menu_order":0,"comment_status":"closed","ping_status":"closed","template":"blank-page","meta":{"_kadence_starter_templates_imported_post":false,"_kad_post_transparent":"","_kad_post_title":"","_kad_post_layout":"","_kad_post_sidebar_id":"","_kad_post_content_style":"","_kad_post_vertical_padding":"","_kad_post_feature":"","_kad_post_feature_position":"","_kad_post_header":false,"_kad_post_footer":false,"_kad_post_classname":"","footnotes":""},"class_list":["post-27319","page","type-page","status-publish","hentry"],"_links":{"self":[{"href":"https:\/\/elpatiodepancho.com\/es\/wp-json\/wp\/v2\/pages\/27319","targetHints":{"allow":["GET"]}}],"collection":[{"href":"https:\/\/elpatiodepancho.com\/es\/wp-json\/wp\/v2\/pages"}],"about":[{"href":"https:\/\/elpatiodepancho.com\/es\/wp-json\/wp\/v2\/types\/page"}],"author":[{"embeddable":true,"href":"https:\/\/elpatiodepancho.com\/es\/wp-json\/wp\/v2\/users\/3"}],"replies":[{"embeddable":true,"href":"https:\/\/elpatiodepancho.com\/es\/wp-json\/wp\/v2\/comments?post=27319"}],"version-history":[{"count":37,"href":"https:\/\/elpatiodepancho.com\/es\/wp-json\/wp\/v2\/pages\/27319\/revisions"}],"predecessor-version":[{"id":27808,"href":"https:\/\/elpatiodepancho.com\/es\/wp-json\/wp\/v2\/pages\/27319\/revisions\/27808"}],"wp:attachment":[{"href":"https:\/\/elpatiodepancho.com\/es\/wp-json\/wp\/v2\/media?parent=27319"}],"curies":[{"name":"gracias","href":"https:\/\/api.w.org\/{rel}","templated":true}]}}