





{"id":27609,"date":"2025-09-12T11:24:29","date_gmt":"2025-09-12T17:24:29","guid":{"rendered":"https:\/\/elpatiodepancho.com\/?page_id=27609"},"modified":"2025-09-13T16:22:15","modified_gmt":"2025-09-13T22:22:15","slug":"affiliate-program","status":"publish","type":"page","link":"https:\/\/elpatiodepancho.com\/es\/affiliate-program\/","title":{"rendered":"Programa de afiliados"},"content":{"rendered":"<h3 class=\"wp-block-heading\">Colabore con nosotros: comida de calidad para sus clientes, comisiones para usted<\/h3>\n\n\n<div class=\"wp-block-image\">\n<figure class=\"alignright size-large is-resized\"><img loading=\"lazy\" decoding=\"async\" width=\"1024\" height=\"683\" src=\"https:\/\/elpatiodepancho.com\/wp-content\/uploads\/2025\/09\/affiliate-program-1024x683.png\" alt=\"\" class=\"wp-image-27615\" style=\"width:427px;height:auto\" srcset=\"https:\/\/elpatiodepancho.com\/wp-content\/uploads\/2025\/09\/affiliate-program-1024x683.png 1024w, https:\/\/elpatiodepancho.com\/wp-content\/uploads\/2025\/09\/affiliate-program-300x200.png 300w, https:\/\/elpatiodepancho.com\/wp-content\/uploads\/2025\/09\/affiliate-program-768x512.png 768w, https:\/\/elpatiodepancho.com\/wp-content\/uploads\/2025\/09\/affiliate-program-18x12.png 18w, https:\/\/elpatiodepancho.com\/wp-content\/uploads\/2025\/09\/affiliate-program-600x400.png 600w, https:\/\/elpatiodepancho.com\/wp-content\/uploads\/2025\/09\/affiliate-program.png 1536w\" sizes=\"auto, (max-width: 1024px) 100vw, 1024px\" \/><\/figure>\n<\/div>\n\n\n<p>\u00bfTiene un negocio en El Tr\u00e1nsito o sus alrededores con clientes, invitados o visitantes? Haga que su estancia sea m\u00e1s f\u00e1cil y placentera ofreci\u00e9ndoles... <strong>comidas deliciosas y de alta calidad<\/strong>\u2014\u00a1Sin la molestia de cocinar y ganando algo de dinero en el proceso!<\/p>\n\n\n\n<ul class=\"wp-block-list\">\n<li><strong>Gane comisiones continuas<\/strong><br>Solicita una cuenta de socio con nosotros. Al realizar pedidos de entrega en nombre de tus clientes a trav\u00e9s de tu cuenta de afiliado, recibir\u00e1s autom\u00e1ticamente una...<strong> comisi\u00f3n<\/strong> en cada pedido.<\/li>\n\n\n\n<li><strong>Comer en el local o a domicilio<\/strong><br>Anime a sus visitantes extranjeros y clientes locales a pedir comida a domicilio o a disfrutar de una comida en nuestro restaurante. En ambos casos, puede recibir cr\u00e9dito por sus compras.<\/li>\n\n\n\n<li><strong>Pagos mensuales<\/strong><br>Todas las comisiones se calculan y pagan al final de cada mes calendario: f\u00e1cil, confiable y transparente.<\/li>\n\n\n\n<li><strong>Men\u00fas impresos para sus invitados<\/strong><br>Le proporcionaremos copias impresas de nuestro men\u00fa en ingl\u00e9s y espa\u00f1ol y se las entregaremos directamente a su negocio, listas para compartir con sus clientes. Incluso podemos personalizarlas con el nombre de su negocio o adaptarlas a sus necesidades.<\/li>\n<\/ul>\n\n\n\r\n    <div class=\"printable-menu-bar\">\r\n      <span class=\"menu-label\">\ud83d\udcc4 Men\u00fa imprimible:<\/span>\r\n      <div class=\"menu-buttons\">\r\n        <a class=\"btn-usd\" href=\"https:\/\/elpatiodepancho.com\/en\/printable-menu\/?wmc-currency=USD\" onclick=\"return epdpOpenPopup(this.href)\">\ud83c\uddfa\ud83c\uddf8 Ingl\u00e9s \u00b7 $USD<\/a>\r\n        <a class=\"btn-nio\" href=\"https:\/\/elpatiodepancho.com\/en\/printable-menu\/?wmc-currency=NIO\" onclick=\"return epdpOpenPopup(this.href)\">\ud83c\uddf3\ud83c\uddee Espa\u00f1ol \u00b7 C$ NIO<\/a>\r\n        <a class=\"btn-usd\" href=\"https:\/\/elpatiodepancho.com\/es\/printable-menu\/?wmc-currency=USD\" onclick=\"return epdpOpenPopup(this.href)\">\ud83c\uddfa\ud83c\uddf8 Espa\u00f1ol \u00b7 $USD<\/a>\r\n        <a class=\"btn-nio\" href=\"https:\/\/elpatiodepancho.com\/es\/printable-menu\/?wmc-currency=NIO\" onclick=\"return epdpOpenPopup(this.href)\">\ud83c\uddf3\ud83c\uddee English \u00b7 C$ NIO<\/a>\r\n      <\/div>\r\n    <\/div>\r\n    <script>\r\n      if(typeof window.epdpOpenPopup!==\"function\"){\r\n        window.epdpOpenPopup=function(url){\r\n          window.open(url,\"menuPopup\",\"width=900,height=650,scrollbars=yes,resizable=yes\");\r\n          return false;\r\n        }\r\n      }\r\n    <\/script>\n\n\n\n<h2 class=\"wp-block-heading\">\u00a1Reg\u00edstrate para ser afiliado de Pancho y comienza a ganar hoy mismo!<\/h2>\n\n\n<div class=\"epdp-aff-invite\">\r\n  <h2>\u00danete a nuestro programa de afiliados \ud83d\udc10<\/h2>\r\n  <p>Ganar <strong>10%<\/strong> Por cada pedido referido. Pagos mensuales por PayPal o transferencia bancaria (m\u00ednimo $25). Panel de control en tiempo real y reglas sencillas: sin spam ni pujas por palabras clave de marca.<\/p>\r\n  <p><a href=\"\/affiliate-terms\/\" target=\"_blank\" rel=\"noopener\">Lea los t\u00e9rminos completos<\/a><\/p>\r\n<\/div>\r\n\r\n    <form method=\"post\" class=\"woocommerce-form woocommerce-form-register register\" action=\"\">\r\n          <div class=\"affiliate-invite\">\r\n    <h3>Gana con El Patio de Pancho \ud83d\udc10<\/h3>\r\n    <p>Reg\u00edstrate para unirte a nuestro Programa de Afiliados. Comparte tu enlace y gana. <strong>Comisi\u00f3n 10%<\/strong> en pedidos referidos y reciba el pago mensualmente a trav\u00e9s de PayPal o transferencia bancaria.<\/p>\r\n    <ul>\r\n      <li>Seguimiento y panel de control en tiempo real<\/li>\r\n      <li>Sin spam \u2022 Sin pujas por palabras clave de marca<\/li>\r\n      <li>Saldo m\u00ednimo de pago: <strong>$50<\/strong><\/li>\r\n    <\/ul>\r\n    <p><a href=\"\/affiliate-terms\/\" target=\"_blank\" rel=\"noopener\">Leer los t\u00e9rminos completos<\/a><\/p>\r\n  <\/div>\r\n  \r\n        \r\n        <p class=\"woocommerce-form-row woocommerce-form-row--wide form-row form-row-wide\">\r\n            <label for=\"reg_email\">Direcci\u00f3n de correo electr\u00f3nico <span class=\"required\">*<\/span><\/label>\r\n            <input type=\"email\" class=\"woocommerce-Input woocommerce-Input--text input-text\" name=\"email\" id=\"reg_email\" autocomplete=\"email\" value=\"\" \/>\r\n        <\/p>\r\n\r\n                    <p data-no-translation=\"\" data-trp-gettext=\"\">Se enviar\u00e1 un enlace para establecer una nueva contrase\u00f1a a su direcci\u00f3n de correo electr\u00f3nico.<\/p>\r\n        \r\n        <wc-order-attribution-inputs><\/wc-order-attribution-inputs><div class=\"woocommerce-privacy-policy-text\"><p>Sus datos personales se utilizar\u00e1n para respaldar su experiencia en este sitio web, para administrar el acceso a su cuenta y para otros fines descritos en nuestra <a href=\"https:\/\/elpatiodepancho.com\/es\/?page_id=3\" class=\"woocommerce-privacy-policy-link\" target=\"_blank\" data-no-translation=\"\" data-trp-gettext=\"\">pol\u00edtica de privacidad<\/a>.<\/p>\n<\/div>\r\n        <p class=\"woocommerce-FormRow form-row\">\r\n            <input type=\"hidden\" id=\"woocommerce-register-nonce\" name=\"woocommerce-register-nonce\" value=\"4eb95cce19\" \/><input type=\"hidden\" name=\"_wp_http_referer\" value=\"\/es\/wp-json\/wp\/v2\/pages\/27609\" \/>            <button type=\"submit\" class=\"woocommerce-Button button alt\" name=\"register\" value=\"Registro\" data-no-translation-value=\"\">\r\n                Registro            <\/button>\r\n        <\/p>\r\n\r\n            <input type=\"hidden\" name=\"trp-form-language\" value=\"es\"\/><\/form>\r\n    \n\n\n\n<p>\ud83d\udc49Deja que nosotros nos encarguemos de la cocina mientras t\u00fa mantienes contentos a tus clientes y obtienes ingresos estables para tu negocio.<\/p>","protected":false},"excerpt":{"rendered":"<p>Partner With Us \u2013 Quality Food for Your Clients, Commissions for You Are you a business owner in El Tr\u00e1nsito or the surrounding area with clients, guests, or visitors? Make their stay easier and more enjoyable by offering them delicious, high-quality meals\u2014without the hassle of cooking and earn some cash in the process! Register to&#8230;<\/p>","protected":false},"author":4,"featured_media":27615,"parent":0,"menu_order":0,"comment_status":"closed","ping_status":"closed","template":"","meta":{"_kadence_starter_templates_imported_post":false,"_kad_post_transparent":"","_kad_post_title":"","_kad_post_layout":"","_kad_post_sidebar_id":"","_kad_post_content_style":"","_kad_post_vertical_padding":"","_kad_post_feature":"","_kad_post_feature_position":"","_kad_post_header":false,"_kad_post_footer":false,"_kad_post_classname":"","footnotes":""},"class_list":["post-27609","page","type-page","status-publish","has-post-thumbnail","hentry"],"_links":{"self":[{"href":"https:\/\/elpatiodepancho.com\/es\/wp-json\/wp\/v2\/pages\/27609","targetHints":{"allow":["GET"]}}],"collection":[{"href":"https:\/\/elpatiodepancho.com\/es\/wp-json\/wp\/v2\/pages"}],"about":[{"href":"https:\/\/elpatiodepancho.com\/es\/wp-json\/wp\/v2\/types\/page"}],"author":[{"embeddable":true,"href":"https:\/\/elpatiodepancho.com\/es\/wp-json\/wp\/v2\/users\/4"}],"replies":[{"embeddable":true,"href":"https:\/\/elpatiodepancho.com\/es\/wp-json\/wp\/v2\/comments?post=27609"}],"version-history":[{"count":10,"href":"https:\/\/elpatiodepancho.com\/es\/wp-json\/wp\/v2\/pages\/27609\/revisions"}],"predecessor-version":[{"id":28773,"href":"https:\/\/elpatiodepancho.com\/es\/wp-json\/wp\/v2\/pages\/27609\/revisions\/28773"}],"wp:featuredmedia":[{"embeddable":true,"href":"https:\/\/elpatiodepancho.com\/es\/wp-json\/wp\/v2\/media\/27615"}],"wp:attachment":[{"href":"https:\/\/elpatiodepancho.com\/es\/wp-json\/wp\/v2\/media?parent=27609"}],"curies":[{"name":"gracias","href":"https:\/\/api.w.org\/{rel}","templated":true}]}}