





{"id":26237,"date":"2025-08-26T14:58:55","date_gmt":"2025-08-26T20:58:55","guid":{"rendered":"https:\/\/www.casadeloscocos.com\/latkes-with-applesauce\/"},"modified":"2025-10-27T17:28:04","modified_gmt":"2025-10-27T23:28:04","slug":"latkes-mar-abierto","status":"publish","type":"product","link":"https:\/\/elpatiodepancho.com\/es\/on-the-beach\/latkes-mar-abierto\/","title":{"rendered":"Latkes de patata crujientes"},"content":{"rendered":"<p>Papas y cebolla ralladas a mano, doradas en la sart\u00e9n para un borde crujiente y un centro suave, con un toque de sal marina y cebollino. Servidas reci\u00e9n salidas de la plancha con crema agria fr\u00eda o nuestra compota de manzana con canela, la energ\u00eda perfecta para la terraza entre sesiones de surf.<\/p>","protected":false},"excerpt":{"rendered":"<p>Panqueques de papa crujientes con cebollino; servidos calientes con su elecci\u00f3n de crema agria o pur\u00e9 de manzana casero.<\/p>","protected":false},"featured_media":26275,"template":"","meta":{"_kadence_starter_templates_imported_post":false,"_kad_post_transparent":"default","_kad_post_title":"","_kad_post_layout":"default","_kad_post_sidebar_id":"","_kad_post_content_style":"default","_kad_post_vertical_padding":"default","_kad_post_feature":"","_kad_post_feature_position":"","_kad_post_header":false,"_kad_post_footer":false,"_kad_post_classname":""},"product_brand":[],"product_cat":[73],"product_tag":[],"class_list":{"0":"post-26237","1":"product","2":"type-product","3":"status-publish","4":"has-post-thumbnail","6":"product_cat-on-the-beach","8":"first","9":"instock","10":"taxable","11":"shipping-taxable","12":"purchasable","13":"product-type-simple","14":"entry","15":"content-bg","16":"loop-entry"},"_links":{"self":[{"href":"https:\/\/elpatiodepancho.com\/es\/wp-json\/wp\/v2\/product\/26237","targetHints":{"allow":["GET"]}}],"collection":[{"href":"https:\/\/elpatiodepancho.com\/es\/wp-json\/wp\/v2\/product"}],"about":[{"href":"https:\/\/elpatiodepancho.com\/es\/wp-json\/wp\/v2\/types\/product"}],"wp:featuredmedia":[{"embeddable":true,"href":"https:\/\/elpatiodepancho.com\/es\/wp-json\/wp\/v2\/media\/26275"}],"wp:attachment":[{"href":"https:\/\/elpatiodepancho.com\/es\/wp-json\/wp\/v2\/media?parent=26237"}],"wp:term":[{"taxonomy":"product_brand","embeddable":true,"href":"https:\/\/elpatiodepancho.com\/es\/wp-json\/wp\/v2\/product_brand?post=26237"},{"taxonomy":"product_cat","embeddable":true,"href":"https:\/\/elpatiodepancho.com\/es\/wp-json\/wp\/v2\/product_cat?post=26237"},{"taxonomy":"product_tag","embeddable":true,"href":"https:\/\/elpatiodepancho.com\/es\/wp-json\/wp\/v2\/product_tag?post=26237"}],"curies":[{"name":"gracias","href":"https:\/\/api.w.org\/{rel}","templated":true}]}}