





{"id":26239,"date":"2025-08-26T14:58:55","date_gmt":"2025-08-26T20:58:55","guid":{"rendered":"https:\/\/www.casadeloscocos.com\/pulled-pork-sandwich\/"},"modified":"2025-10-27T16:29:48","modified_gmt":"2025-10-27T22:29:48","slug":"pulled-pork-sandwich","status":"publish","type":"product","link":"https:\/\/elpatiodepancho.com\/es\/on-the-beach\/pulled-pork-sandwich\/","title":{"rendered":"S\u00e1ndwich de lomo de cerdo"},"content":{"rendered":"<p>Nuestro s\u00e1ndwich de cerdo desmenuzado de la casa es un aut\u00e9ntico placer para el patio: paletilla de cerdo cocinada a fuego lento, desmenuzada a mano y ba\u00f1ada en nuestra barbacoa casera, ahumada y dulce, sobre un pan tostado, coronada con una cremosa ensalada de col y un par de crujientes lonchas de pepinillos eneldo para darle el toque justo de acidez. Es grande, con salsa y un poco desordenado, perfecto para despu\u00e9s de una larga sesi\u00f3n de surf.<br \/>\nIdeal con una To\u00f1a o Victoria bien fr\u00eda. A\u00f1\u00e1dele papas fritas o una guarnici\u00f3n: la ensalada de papa o los latkes combinan a la perfecci\u00f3n.<\/p>\n<p data-start=\"0\" data-end=\"281\">El s\u00e1ndwich de cerdo desmenuzado, la ic\u00f3nica delicia de la barbacoa hecha con cerdo ahumado y desmenuzado lentamente, apilado entre pan, tiene ra\u00edces profundas en la <strong data-start=\"121\" data-end=\"166\">tradiciones de barbacoa del sur de Estados Unidos<\/strong>, especialmente en lugares como <strong data-start=\"194\" data-end=\"243\">Carolina del Norte, Tennessee y Carolina del Sur<\/strong><span class=\"\" data-state=\"closed\"><span class=\"ms-1 inline-flex max-w-full items-center relative top-[-0.094rem] animate-[show_150ms_ease-in]\" data-testid=\"webpage-citation-pill\"><a class=\"flex h-4.5 overflow-hidden rounded-xl px-2 text-[9px] font-medium text-token-text-secondary! bg-[#F4F4F4]! dark:bg-[#303030]! transition-colors duration-150 ease-in-out\" href=\"https:\/\/en.wikipedia.org\/wiki\/Pulled_pork?utm_source=chatgpt.com\" target=\"_blank\" rel=\"noopener\"><span class=\"relative start-0 bottom-0 flex h-full w-full items-center\"><span class=\"flex h-4 w-full items-center justify-between\"><span class=\"max-w-full grow truncate overflow-hidden text-center\">en.wikipedia.org<\/span><span class=\"-me-1 flex h-full items-center rounded-full px-1 text-[#8F8F8F]\">+1<\/span><\/span><\/span><\/a><\/span><\/span><span class=\"\" data-state=\"closed\"><span class=\"ms-1 inline-flex max-w-full items-center relative top-[-0.094rem] animate-[show_150ms_ease-in]\" data-testid=\"webpage-citation-pill\"><a class=\"flex h-4.5 overflow-hidden rounded-xl px-2 text-[9px] font-medium text-token-text-secondary! bg-[#F4F4F4]! dark:bg-[#303030]! transition-colors duration-150 ease-in-out\" href=\"https:\/\/www.munchery.com\/blog\/the-history-of-the-pulled-pork-sandwich-and-regional-recipes\/?utm_source=chatgpt.com\" target=\"_blank\" rel=\"noopener\"><span class=\"relative start-0 bottom-0 flex h-full w-full items-center\"><span class=\"flex h-4 w-full items-center justify-between overflow-hidden\"><span class=\"max-w-full grow truncate overflow-hidden text-center\">munchery.com<\/span><\/span><\/span><\/a><\/span><\/span>.<\/p>\n<hr data-start=\"283\" data-end=\"286\" \/>\n<h3 data-start=\"288\" data-end=\"323\">Or\u00edgenes y fundamentos regionales<\/h3>\n<div class=\"_tableContainer_1rjym_1\">\n<div class=\"_tableWrapper_1rjym_13 group flex w-fit flex-col-reverse\" tabindex=\"-1\">\n<table class=\"w-fit min-w-(--thread-content-width)\" data-start=\"325\" data-end=\"1372\">\n<thead data-start=\"325\" data-end=\"434\">\n<tr data-start=\"325\" data-end=\"434\">\n<th data-start=\"325\" data-end=\"348\" data-col-size=\"sm\">Regi\u00f3n<\/th>\n<th data-start=\"348\" data-end=\"434\" data-col-size=\"xl\">Contexto hist\u00f3rico<\/th>\n<\/tr>\n<\/thead>\n<tbody data-start=\"546\" data-end=\"1372\">\n<tr data-start=\"546\" data-end=\"752\">\n<td data-start=\"546\" data-end=\"575\" data-col-size=\"sm\"><strong data-start=\"548\" data-end=\"574\">Sur de los Estados Unidos<\/strong><\/td>\n<td data-start=\"575\" data-end=\"752\" data-col-size=\"xl\">El cerdo desmenuzado proviene del sur de los EE. UU., donde la paleta de cerdo se ahumaba lentamente hasta que estaba tierna y se serv\u00eda desmenuzada, a menudo en s\u00e1ndwiches. <span class=\"\" data-state=\"closed\"><span class=\"ms-1 inline-flex max-w-full items-center relative top-[-0.094rem] animate-[show_150ms_ease-in]\" data-testid=\"webpage-citation-pill\"><a class=\"flex h-4.5 overflow-hidden rounded-xl px-2 text-[9px] font-medium text-token-text-secondary! bg-[#F4F4F4]! dark:bg-[#303030]! transition-colors duration-150 ease-in-out\" href=\"https:\/\/en.wikipedia.org\/wiki\/Pulled_pork?utm_source=chatgpt.com\" target=\"_blank\" rel=\"noopener\"><span class=\"relative start-0 bottom-0 flex h-full w-full items-center\"><span class=\"flex h-4 w-full items-center justify-between overflow-hidden\"><span class=\"max-w-full grow truncate overflow-hidden text-center\">en.wikipedia.org<\/span><\/span><\/span><\/a><\/span><\/span><span class=\"\" data-state=\"closed\"><span class=\"ms-1 inline-flex max-w-full items-center relative top-[-0.094rem] animate-[show_150ms_ease-in]\" data-testid=\"webpage-citation-pill\"><a class=\"flex h-4.5 overflow-hidden rounded-xl px-2 text-[9px] font-medium text-token-text-secondary! bg-[#F4F4F4]! dark:bg-[#303030]! transition-colors duration-150 ease-in-out\" href=\"https:\/\/www.munchery.com\/blog\/the-history-of-the-pulled-pork-sandwich-and-regional-recipes\/?utm_source=chatgpt.com\" target=\"_blank\" rel=\"noopener\"><span class=\"relative start-0 bottom-0 flex h-full w-full items-center\"><span class=\"flex h-4 w-full items-center justify-between overflow-hidden\"><span class=\"max-w-full grow truncate overflow-hidden text-center\">munchery.com<\/span><\/span><\/span><\/a><\/span><\/span>.<\/td>\n<\/tr>\n<tr data-start=\"753\" data-end=\"967\">\n<td data-start=\"753\" data-end=\"783\" data-col-size=\"sm\"><strong data-start=\"755\" data-end=\"773\">Carolina del Norte<\/strong><\/td>\n<td data-start=\"783\" data-end=\"967\" data-col-size=\"xl\">Conocido por sus s\u00e1ndwiches de barbacoa de cerdo picado, a menudo cubiertos con ensalada de col; la palabra &quot;barbacoa&quot; en Carolina del Norte se refiere espec\u00edficamente a cerdo cocinado a fuego lento o ahumado. <span class=\"\" data-state=\"closed\"><span class=\"ms-1 inline-flex max-w-full items-center relative top-[-0.094rem] animate-[show_150ms_ease-in]\" data-testid=\"webpage-citation-pill\"><a class=\"flex h-4.5 overflow-hidden rounded-xl px-2 text-[9px] font-medium text-token-text-secondary! bg-[#F4F4F4]! dark:bg-[#303030]! transition-colors duration-150 ease-in-out\" href=\"https:\/\/en.wikipedia.org\/wiki\/Barbecue_sandwich?utm_source=chatgpt.com\" target=\"_blank\" rel=\"noopener\"><span class=\"relative start-0 bottom-0 flex h-full w-full items-center\"><span class=\"flex h-4 w-full items-center justify-between overflow-hidden\"><span class=\"max-w-full grow truncate overflow-hidden text-center\">en.wikipedia.org<\/span><\/span><\/span><\/a><\/span><\/span>.<\/td>\n<\/tr>\n<tr data-start=\"968\" data-end=\"1138\">\n<td data-start=\"968\" data-end=\"998\" data-col-size=\"sm\"><strong data-start=\"970\" data-end=\"988\">Carolina del Sur<\/strong><\/td>\n<td data-start=\"998\" data-end=\"1138\" data-col-size=\"xl\">Famoso por su salsa \u201cCarolina Gold\u201d a base de mostaza servida con cerdo desmenuzado y ensalada de col en s\u00e1ndwiches. <span class=\"\" data-state=\"closed\"><span class=\"ms-1 inline-flex max-w-full items-center relative top-[-0.094rem] animate-[show_150ms_ease-in]\" data-testid=\"webpage-citation-pill\"><a class=\"flex h-4.5 overflow-hidden rounded-xl px-2 text-[9px] font-medium text-token-text-secondary! bg-[#F4F4F4]! dark:bg-[#303030]! transition-colors duration-150 ease-in-out\" href=\"https:\/\/en.wikipedia.org\/wiki\/Barbecue_sandwich?utm_source=chatgpt.com\" target=\"_blank\" rel=\"noopener\"><span class=\"relative start-0 bottom-0 flex h-full w-full items-center\"><span class=\"flex h-4 w-full items-center justify-between overflow-hidden\"><span class=\"max-w-full grow truncate overflow-hidden text-center\">en.wikipedia.org<\/span><\/span><\/span><\/a><\/span><\/span>.<\/td>\n<\/tr>\n<tr data-start=\"1139\" data-end=\"1372\">\n<td data-start=\"1139\" data-end=\"1169\" data-col-size=\"sm\"><strong data-start=\"1141\" data-end=\"1164\">Tennessee \/ Memphis<\/strong><\/td>\n<td data-start=\"1169\" data-end=\"1372\" data-col-size=\"xl\">El cerdo desmenuzado se serv\u00eda picado o desmenuzado con salsa de tomate y ensalada de col en panecillos; este estilo se convirti\u00f3 en un alimento b\u00e1sico local en Memphis desde principios del siglo XX.<\/td>\n<\/tr>\n<\/tbody>\n<\/table>\n<\/div>\n<\/div>","protected":false},"excerpt":{"rendered":"<p>Cerdo desmenuzado cocinado a fuego lento sobre un pan tostado con salsa barbacoa casera, ensalada cremosa y jalape\u00f1os encurtidos opcionales: grandes, sabrosos y listos para surfear.<\/p>","protected":false},"featured_media":27317,"template":"","meta":{"_kadence_starter_templates_imported_post":false,"_kad_post_transparent":"default","_kad_post_title":"","_kad_post_layout":"default","_kad_post_sidebar_id":"","_kad_post_content_style":"default","_kad_post_vertical_padding":"default","_kad_post_feature":"","_kad_post_feature_position":"","_kad_post_header":false,"_kad_post_footer":false,"_kad_post_classname":""},"product_brand":[],"product_cat":[59,73,29],"product_tag":[],"class_list":{"0":"post-26239","1":"product","2":"type-product","3":"status-publish","4":"has-post-thumbnail","6":"product_cat-entrees","7":"product_cat-on-the-beach","8":"product_cat-packages","10":"first","11":"instock","12":"taxable","13":"shipping-taxable","14":"purchasable","15":"product-type-simple","16":"entry","17":"content-bg","18":"loop-entry"},"_links":{"self":[{"href":"https:\/\/elpatiodepancho.com\/es\/wp-json\/wp\/v2\/product\/26239","targetHints":{"allow":["GET"]}}],"collection":[{"href":"https:\/\/elpatiodepancho.com\/es\/wp-json\/wp\/v2\/product"}],"about":[{"href":"https:\/\/elpatiodepancho.com\/es\/wp-json\/wp\/v2\/types\/product"}],"wp:featuredmedia":[{"embeddable":true,"href":"https:\/\/elpatiodepancho.com\/es\/wp-json\/wp\/v2\/media\/27317"}],"wp:attachment":[{"href":"https:\/\/elpatiodepancho.com\/es\/wp-json\/wp\/v2\/media?parent=26239"}],"wp:term":[{"taxonomy":"product_brand","embeddable":true,"href":"https:\/\/elpatiodepancho.com\/es\/wp-json\/wp\/v2\/product_brand?post=26239"},{"taxonomy":"product_cat","embeddable":true,"href":"https:\/\/elpatiodepancho.com\/es\/wp-json\/wp\/v2\/product_cat?post=26239"},{"taxonomy":"product_tag","embeddable":true,"href":"https:\/\/elpatiodepancho.com\/es\/wp-json\/wp\/v2\/product_tag?post=26239"}],"curies":[{"name":"gracias","href":"https:\/\/api.w.org\/{rel}","templated":true}]}}