





{"id":26243,"date":"2025-08-26T14:58:56","date_gmt":"2025-08-26T20:58:56","guid":{"rendered":"https:\/\/www.casadeloscocos.com\/potato-salad\/"},"modified":"2025-10-02T11:03:03","modified_gmt":"2025-10-02T17:03:03","slug":"potato-salad","status":"publish","type":"product","link":"https:\/\/elpatiodepancho.com\/es\/sides\/potato-salad\/","title":{"rendered":"Ensalada de Papa"},"content":{"rendered":"<p>Ensalada de papa estilo picnic: la que se disfruta primero en las barbacoas de verano. Tiernas papas rojizas ba\u00f1adas en un cremoso aderezo de mostaza y mayonesa con un toque de vinagre de sidra, un toque de semillas de apio y piment\u00f3n. Le agregamos apio crujiente, cebolla roja, pepinillos encurtidos y huevo duro picado para un bocado cl\u00e1sico, y terminamos con eneldo fresco. Se sirve fr\u00eda; perfecta para acompa\u00f1ar barbacoas, s\u00e1ndwiches o una To\u00f1a fr\u00eda en el patio de Pancho. (Sin huevo o cebolla, a petici\u00f3n).<\/p>","protected":false},"excerpt":{"rendered":"<p>Ensalada de papa cremosa al estilo picnic, preparada con papas russet suaves, apio crujiente, cebolla morada, relish de eneldo y huevo duro. Todo mezclado en un aderezo de mayonesa con mostaza de sabor \u00e1cido. Se sirve fr\u00eda y lista para cualquier parrillada o reuni\u00f3n.<\/p>","protected":false},"featured_media":27142,"template":"","meta":{"_kadence_starter_templates_imported_post":false,"_kad_post_transparent":"default","_kad_post_title":"","_kad_post_layout":"default","_kad_post_sidebar_id":"","_kad_post_content_style":"default","_kad_post_vertical_padding":"default","_kad_post_feature":"","_kad_post_feature_position":"","_kad_post_header":false,"_kad_post_footer":false,"_kad_post_classname":""},"product_brand":[],"product_cat":[35],"product_tag":[],"class_list":{"0":"post-26243","1":"product","2":"type-product","3":"status-publish","4":"has-post-thumbnail","6":"product_cat-sides","8":"first","9":"instock","10":"taxable","11":"shipping-taxable","12":"purchasable","13":"product-type-simple","14":"entry","15":"content-bg","16":"loop-entry"},"_links":{"self":[{"href":"https:\/\/elpatiodepancho.com\/es\/wp-json\/wp\/v2\/product\/26243","targetHints":{"allow":["GET"]}}],"collection":[{"href":"https:\/\/elpatiodepancho.com\/es\/wp-json\/wp\/v2\/product"}],"about":[{"href":"https:\/\/elpatiodepancho.com\/es\/wp-json\/wp\/v2\/types\/product"}],"wp:featuredmedia":[{"embeddable":true,"href":"https:\/\/elpatiodepancho.com\/es\/wp-json\/wp\/v2\/media\/27142"}],"wp:attachment":[{"href":"https:\/\/elpatiodepancho.com\/es\/wp-json\/wp\/v2\/media?parent=26243"}],"wp:term":[{"taxonomy":"product_brand","embeddable":true,"href":"https:\/\/elpatiodepancho.com\/es\/wp-json\/wp\/v2\/product_brand?post=26243"},{"taxonomy":"product_cat","embeddable":true,"href":"https:\/\/elpatiodepancho.com\/es\/wp-json\/wp\/v2\/product_cat?post=26243"},{"taxonomy":"product_tag","embeddable":true,"href":"https:\/\/elpatiodepancho.com\/es\/wp-json\/wp\/v2\/product_tag?post=26243"}],"curies":[{"name":"gracias","href":"https:\/\/api.w.org\/{rel}","templated":true}]}}