





{"id":27190,"date":"2025-09-06T06:31:51","date_gmt":"2025-09-06T12:31:51","guid":{"rendered":"https:\/\/elpatiodepancho.com\/?post_type=product&#038;p=27190"},"modified":"2025-09-13T08:31:04","modified_gmt":"2025-09-13T14:31:04","slug":"surf-leash","status":"publish","type":"product","link":"https:\/\/elpatiodepancho.com\/es\/surf-shop\/surf-leash\/","title":{"rendered":"Correa de surf"},"content":{"rendered":"<p>Eslab\u00f3n giratorio robusto, bolsillo para llaves y protector de riel resistente. Elige la longitud seg\u00fan el tama\u00f1o de la tabla.<\/p>","protected":false},"excerpt":{"rendered":"<p>Correa de uretano antienredos con pu\u00f1o acolchado.<\/p>","protected":false},"featured_media":27228,"template":"","meta":{"_kadence_starter_templates_imported_post":false,"_kad_post_transparent":"","_kad_post_title":"","_kad_post_layout":"","_kad_post_sidebar_id":"","_kad_post_content_style":"","_kad_post_vertical_padding":"","_kad_post_feature":"","_kad_post_feature_position":"","_kad_post_header":false,"_kad_post_footer":false,"_kad_post_classname":""},"product_brand":[],"product_cat":[40],"product_tag":[42],"class_list":{"0":"post-27190","1":"product","2":"type-product","3":"status-publish","4":"has-post-thumbnail","6":"product_cat-surf-shop","7":"product_tag-surf-gear","9":"first","10":"instock","11":"taxable","12":"shipping-taxable","13":"purchasable","14":"product-type-variable","15":"entry","16":"content-bg","17":"loop-entry"},"_links":{"self":[{"href":"https:\/\/elpatiodepancho.com\/es\/wp-json\/wp\/v2\/product\/27190","targetHints":{"allow":["GET"]}}],"collection":[{"href":"https:\/\/elpatiodepancho.com\/es\/wp-json\/wp\/v2\/product"}],"about":[{"href":"https:\/\/elpatiodepancho.com\/es\/wp-json\/wp\/v2\/types\/product"}],"wp:featuredmedia":[{"embeddable":true,"href":"https:\/\/elpatiodepancho.com\/es\/wp-json\/wp\/v2\/media\/27228"}],"wp:attachment":[{"href":"https:\/\/elpatiodepancho.com\/es\/wp-json\/wp\/v2\/media?parent=27190"}],"wp:term":[{"taxonomy":"product_brand","embeddable":true,"href":"https:\/\/elpatiodepancho.com\/es\/wp-json\/wp\/v2\/product_brand?post=27190"},{"taxonomy":"product_cat","embeddable":true,"href":"https:\/\/elpatiodepancho.com\/es\/wp-json\/wp\/v2\/product_cat?post=27190"},{"taxonomy":"product_tag","embeddable":true,"href":"https:\/\/elpatiodepancho.com\/es\/wp-json\/wp\/v2\/product_tag?post=27190"}],"curies":[{"name":"gracias","href":"https:\/\/api.w.org\/{rel}","templated":true}]}}