





{"id":27447,"date":"2025-09-10T14:54:24","date_gmt":"2025-09-10T20:54:24","guid":{"rendered":"https:\/\/elpatiodepancho.com\/?post_type=product&#038;p=27447"},"modified":"2025-10-30T19:42:28","modified_gmt":"2025-10-31T01:42:28","slug":"victoria","status":"publish","type":"product","link":"https:\/\/elpatiodepancho.com\/es\/drinks\/victoria\/","title":{"rendered":"Cervezas de Nicaragua"},"content":{"rendered":"<p>Cervezas y bebidas nicarag\u00fcenses<br \/>\nDisfrute de una selecci\u00f3n de cl\u00e1sicos nacionales, perfectos para relajarse en la playa o para acompa\u00f1ar su comida. Elija entre:<\/p>\n<p>To\u00f1a \u2013 La cerveza ligera ic\u00f3nica de Nicaragua, fresca y refrescante.<\/p>\n<p>Victoria Cl\u00e1sica \u2013 Una cerveza dorada suave con un sabor equilibrado.<\/p>\n<p>Victoria Frost: De cuerpo ligero y extra refrescante, se sirve mejor helada.<\/p>\n<p>Bamb\u00fa (Flor de Ca\u00f1a en Lata) \u2013 Una mezcla lista para beber de ron Flor de Ca\u00f1a y cola.<\/p>\n<p>Michelada Clamato \u2013 Cerveza mezclada con jugo de tomate, lim\u00f3n y especias para darle un toque sabroso.<\/p>\n<p>Michelada Tamarindo \u2013 Una versi\u00f3n picante de la michelada con sabor a tamarindo.<\/p>\n<p>Chelada \u2013 Cerveza cl\u00e1sica con lim\u00f3n y sal, sencilla y refrescante.<\/p>\n<p>Elige tu favorita y prueba las bebidas m\u00e1s populares de Nicaragua en un solo lugar.<\/p>","protected":false},"excerpt":{"rendered":"<p>Elige entre Tona $2 | Victoria Classic $2 | Victoria Frost $2 | Bamboo Rum $2 | Michelada Clamato $3.50 | Michelada Tamarido $3.50 | Chelada $2.50<\/p>","protected":false},"featured_media":27686,"template":"","meta":{"_kadence_starter_templates_imported_post":false,"_kad_post_transparent":"default","_kad_post_title":"","_kad_post_layout":"default","_kad_post_sidebar_id":"","_kad_post_content_style":"default","_kad_post_vertical_padding":"default","_kad_post_feature":"","_kad_post_feature_position":"","_kad_post_header":false,"_kad_post_footer":false,"_kad_post_classname":""},"product_brand":[],"product_cat":[33],"product_tag":[],"class_list":{"0":"post-27447","1":"product","2":"type-product","3":"status-publish","4":"has-post-thumbnail","6":"product_cat-drinks","8":"first","9":"instock","10":"taxable","11":"shipping-taxable","12":"purchasable","13":"product-type-variable","14":"entry","15":"content-bg","16":"loop-entry"},"_links":{"self":[{"href":"https:\/\/elpatiodepancho.com\/es\/wp-json\/wp\/v2\/product\/27447","targetHints":{"allow":["GET"]}}],"collection":[{"href":"https:\/\/elpatiodepancho.com\/es\/wp-json\/wp\/v2\/product"}],"about":[{"href":"https:\/\/elpatiodepancho.com\/es\/wp-json\/wp\/v2\/types\/product"}],"wp:featuredmedia":[{"embeddable":true,"href":"https:\/\/elpatiodepancho.com\/es\/wp-json\/wp\/v2\/media\/27686"}],"wp:attachment":[{"href":"https:\/\/elpatiodepancho.com\/es\/wp-json\/wp\/v2\/media?parent=27447"}],"wp:term":[{"taxonomy":"product_brand","embeddable":true,"href":"https:\/\/elpatiodepancho.com\/es\/wp-json\/wp\/v2\/product_brand?post=27447"},{"taxonomy":"product_cat","embeddable":true,"href":"https:\/\/elpatiodepancho.com\/es\/wp-json\/wp\/v2\/product_cat?post=27447"},{"taxonomy":"product_tag","embeddable":true,"href":"https:\/\/elpatiodepancho.com\/es\/wp-json\/wp\/v2\/product_tag?post=27447"}],"curies":[{"name":"gracias","href":"https:\/\/api.w.org\/{rel}","templated":true}]}}