





{"id":27690,"date":"2025-09-13T10:40:42","date_gmt":"2025-09-13T16:40:42","guid":{"rendered":"https:\/\/elpatiodepancho.com\/?post_type=product&#038;p=27690"},"modified":"2025-10-29T08:30:29","modified_gmt":"2025-10-29T14:30:29","slug":"grilled-8oz-pork-fillet","status":"publish","type":"product","link":"https:\/\/elpatiodepancho.com\/es\/entrees\/grilled-8oz-pork-fillet\/","title":{"rendered":"Filete de cerdo a la parrilla de 8 oz"},"content":{"rendered":"<p data-start=\"265\" data-end=\"617\">Nuestro Filete de Cerdo a la Parrilla consiste en un tierno corte de 225 g, asado a la perfecci\u00f3n a fuego vivo. Se acompa\u00f1a con papas doradas a la parrilla y una fresca ensalada mixta de verduras, con aderezo ranch o vinagreta a su elecci\u00f3n. Un plato sencillo y sabroso que combina sabores ahumados y sustanciosos con un equilibrio fresco y luminoso.<\/p>","protected":false},"excerpt":{"rendered":"<p data-start=\"111\" data-end=\"263\">Filete de cerdo a la parrilla de 8 oz servido con papas sazonadas y una ensalada verde mixta fresca con su elecci\u00f3n de rancho o vinagreta.<\/p>\n<p data-start=\"265\" data-end=\"617\">","protected":false},"featured_media":27691,"template":"","meta":{"_kadence_starter_templates_imported_post":false,"_kad_post_transparent":"default","_kad_post_title":"","_kad_post_layout":"default","_kad_post_sidebar_id":"","_kad_post_content_style":"default","_kad_post_vertical_padding":"default","_kad_post_feature":"","_kad_post_feature_position":"","_kad_post_header":false,"_kad_post_footer":false,"_kad_post_classname":""},"product_brand":[],"product_cat":[59,73,29],"product_tag":[],"class_list":{"0":"post-27690","1":"product","2":"type-product","3":"status-publish","4":"has-post-thumbnail","6":"product_cat-entrees","7":"product_cat-on-the-beach","8":"product_cat-packages","10":"first","11":"instock","12":"taxable","13":"shipping-taxable","14":"purchasable","15":"product-type-simple","16":"entry","17":"content-bg","18":"loop-entry"},"_links":{"self":[{"href":"https:\/\/elpatiodepancho.com\/es\/wp-json\/wp\/v2\/product\/27690","targetHints":{"allow":["GET"]}}],"collection":[{"href":"https:\/\/elpatiodepancho.com\/es\/wp-json\/wp\/v2\/product"}],"about":[{"href":"https:\/\/elpatiodepancho.com\/es\/wp-json\/wp\/v2\/types\/product"}],"wp:featuredmedia":[{"embeddable":true,"href":"https:\/\/elpatiodepancho.com\/es\/wp-json\/wp\/v2\/media\/27691"}],"wp:attachment":[{"href":"https:\/\/elpatiodepancho.com\/es\/wp-json\/wp\/v2\/media?parent=27690"}],"wp:term":[{"taxonomy":"product_brand","embeddable":true,"href":"https:\/\/elpatiodepancho.com\/es\/wp-json\/wp\/v2\/product_brand?post=27690"},{"taxonomy":"product_cat","embeddable":true,"href":"https:\/\/elpatiodepancho.com\/es\/wp-json\/wp\/v2\/product_cat?post=27690"},{"taxonomy":"product_tag","embeddable":true,"href":"https:\/\/elpatiodepancho.com\/es\/wp-json\/wp\/v2\/product_tag?post=27690"}],"curies":[{"name":"gracias","href":"https:\/\/api.w.org\/{rel}","templated":true}]}}