





{"id":28194,"date":"2025-09-18T17:13:44","date_gmt":"2025-09-18T23:13:44","guid":{"rendered":"https:\/\/elpatiodepancho.com\/?post_type=product&#038;p=28194"},"modified":"2025-09-18T17:13:45","modified_gmt":"2025-09-18T23:13:45","slug":"el-patio-de-pancho-t-shirt","status":"publish","type":"product","link":"https:\/\/elpatiodepancho.com\/es\/souviniers\/el-patio-de-pancho-t-shirt\/","title":{"rendered":"Camiseta El Patio de Pancho"},"content":{"rendered":"<p data-start=\"377\" data-end=\"682\">Esta camiseta beige captura el relajado encanto costero de <strong data-start=\"436\" data-end=\"458\">El Patio de Pancho<\/strong>\u2014Una mascota cabra descansando en una silla de madera bajo un rancho con techo de palma, con las olas del mar ondeando tras \u00e9l. Las llamativas letras retro de &quot;EL PATIO DE PANCHO&quot; en c\u00e1lidos tonos dorados y marrones le dan un aire tropical y vintage.<\/p>\n<p data-start=\"684\" data-end=\"765\">Usarlo es como retroceder al recuerdo de la costa del Pac\u00edfico de Nicaragua:<\/p>\n<ul data-start=\"766\" data-end=\"1104\">\n<li data-start=\"766\" data-end=\"847\">\n<p data-start=\"768\" data-end=\"847\">El olor a agua salada y pescado a la parrilla mientras paseas por El Tr\u00e1nsito.<\/p>\n<\/li>\n<li data-start=\"848\" data-end=\"959\">\n<p data-start=\"850\" data-end=\"959\">Una tarde tranquila bajo la sombra del rancho, bebiendo una cerveza To\u00f1a fr\u00eda, viendo clases de surf a lo lejos.<\/p>\n<\/li>\n<li data-start=\"960\" data-end=\"1104\">\n<p data-start=\"962\" data-end=\"1104\">La risa de los amigos, el sonido de los caballos trotando camino a las pozas y Pancho el chivo haci\u00e9ndote compa\u00f1\u00eda mientras se pone el sol.<\/p>\n<\/li>\n<\/ul>\n<p data-start=\"1106\" data-end=\"1222\">Es m\u00e1s que una camiseta: es un pedacito de tu viaje a Nicaragua, envuelto en algod\u00f3n suave y colores c\u00e1lidos.<\/p>","protected":false},"excerpt":{"rendered":"<p data-start=\"137\" data-end=\"343\">Una camiseta beige suave con la alegre mascota cabra &quot;El Patio de Pancho&quot; relaj\u00e1ndose bajo una choza de palma junto al mar. Perfecta para disfrutar de la playa, los d\u00edas de surf o simplemente para demostrar tu amor por Nicaragua.<\/p>","protected":false},"featured_media":28209,"template":"","meta":{"_kadence_starter_templates_imported_post":false,"_kad_post_transparent":"default","_kad_post_title":"","_kad_post_layout":"default","_kad_post_sidebar_id":"","_kad_post_content_style":"default","_kad_post_vertical_padding":"default","_kad_post_feature":"","_kad_post_feature_position":"","_kad_post_header":false,"_kad_post_footer":false,"_kad_post_classname":""},"product_brand":[],"product_cat":[41,40],"product_tag":[],"class_list":{"0":"post-28194","1":"product","2":"type-product","3":"status-publish","4":"has-post-thumbnail","6":"product_cat-souviniers","7":"product_cat-surf-shop","9":"first","10":"instock","11":"taxable","12":"shipping-taxable","13":"purchasable","14":"product-type-simple","15":"entry","16":"content-bg","17":"loop-entry"},"_links":{"self":[{"href":"https:\/\/elpatiodepancho.com\/es\/wp-json\/wp\/v2\/product\/28194","targetHints":{"allow":["GET"]}}],"collection":[{"href":"https:\/\/elpatiodepancho.com\/es\/wp-json\/wp\/v2\/product"}],"about":[{"href":"https:\/\/elpatiodepancho.com\/es\/wp-json\/wp\/v2\/types\/product"}],"wp:featuredmedia":[{"embeddable":true,"href":"https:\/\/elpatiodepancho.com\/es\/wp-json\/wp\/v2\/media\/28209"}],"wp:attachment":[{"href":"https:\/\/elpatiodepancho.com\/es\/wp-json\/wp\/v2\/media?parent=28194"}],"wp:term":[{"taxonomy":"product_brand","embeddable":true,"href":"https:\/\/elpatiodepancho.com\/es\/wp-json\/wp\/v2\/product_brand?post=28194"},{"taxonomy":"product_cat","embeddable":true,"href":"https:\/\/elpatiodepancho.com\/es\/wp-json\/wp\/v2\/product_cat?post=28194"},{"taxonomy":"product_tag","embeddable":true,"href":"https:\/\/elpatiodepancho.com\/es\/wp-json\/wp\/v2\/product_tag?post=28194"}],"curies":[{"name":"gracias","href":"https:\/\/api.w.org\/{rel}","templated":true}]}}