





{"id":28718,"date":"2025-10-04T16:25:33","date_gmt":"2025-10-04T22:25:33","guid":{"rendered":"https:\/\/elpatiodepancho.com\/?post_type=product&#038;p=28718"},"modified":"2025-12-03T21:09:51","modified_gmt":"2025-12-04T03:09:51","slug":"blt-sandwich","status":"publish","type":"product","link":"https:\/\/elpatiodepancho.com\/es\/entrees\/blt-sandwich\/","title":{"rendered":"S\u00e1ndwich BLT"},"content":{"rendered":"<p>Nuestra versi\u00f3n del cl\u00e1sico BLT: tocino crujiente de lonchas gruesas, lechuga fresca y tomate jugoso sobre pan blanco tostado con mayonesa cremosa. Incluye una guarnici\u00f3n de papas fritas doradas.<\/p>","protected":false},"excerpt":{"rendered":"<p>Tu cl\u00e1sico s\u00e1ndwich de tocino, lechuga y tomate sobre pan blanco tostado con mayonesa. Incluye papas fritas.<\/p>","protected":false},"featured_media":28719,"template":"","meta":{"_kadence_starter_templates_imported_post":false,"_kad_post_transparent":"default","_kad_post_title":"","_kad_post_layout":"default","_kad_post_sidebar_id":"","_kad_post_content_style":"default","_kad_post_vertical_padding":"default","_kad_post_feature":"","_kad_post_feature_position":"","_kad_post_header":false,"_kad_post_footer":false,"_kad_post_classname":""},"product_brand":[],"product_cat":[59],"product_tag":[],"class_list":{"0":"post-28718","1":"product","2":"type-product","3":"status-publish","4":"has-post-thumbnail","6":"product_cat-entrees","8":"first","9":"instock","10":"taxable","11":"shipping-taxable","12":"purchasable","13":"product-type-simple","14":"entry","15":"content-bg","16":"loop-entry"},"_links":{"self":[{"href":"https:\/\/elpatiodepancho.com\/es\/wp-json\/wp\/v2\/product\/28718","targetHints":{"allow":["GET"]}}],"collection":[{"href":"https:\/\/elpatiodepancho.com\/es\/wp-json\/wp\/v2\/product"}],"about":[{"href":"https:\/\/elpatiodepancho.com\/es\/wp-json\/wp\/v2\/types\/product"}],"wp:featuredmedia":[{"embeddable":true,"href":"https:\/\/elpatiodepancho.com\/es\/wp-json\/wp\/v2\/media\/28719"}],"wp:attachment":[{"href":"https:\/\/elpatiodepancho.com\/es\/wp-json\/wp\/v2\/media?parent=28718"}],"wp:term":[{"taxonomy":"product_brand","embeddable":true,"href":"https:\/\/elpatiodepancho.com\/es\/wp-json\/wp\/v2\/product_brand?post=28718"},{"taxonomy":"product_cat","embeddable":true,"href":"https:\/\/elpatiodepancho.com\/es\/wp-json\/wp\/v2\/product_cat?post=28718"},{"taxonomy":"product_tag","embeddable":true,"href":"https:\/\/elpatiodepancho.com\/es\/wp-json\/wp\/v2\/product_tag?post=28718"}],"curies":[{"name":"gracias","href":"https:\/\/api.w.org\/{rel}","templated":true}]}}