





{"id":28824,"date":"2025-10-17T12:12:14","date_gmt":"2025-10-17T18:12:14","guid":{"rendered":"https:\/\/elpatiodepancho.com\/?post_type=product&#038;p=28824"},"modified":"2025-10-24T11:22:37","modified_gmt":"2025-10-24T17:22:37","slug":"fresh-1lb-caribbean-lobster-tail","status":"publish","type":"product","link":"https:\/\/elpatiodepancho.com\/es\/entrees\/fresh-1lb-caribbean-lobster-tail\/","title":{"rendered":"Cola de langosta caribe\u00f1a fresca de 1 libra"},"content":{"rendered":"<p data-start=\"116\" data-end=\"504\">Disfrute del sabor isle\u00f1o con una cola de langosta caribe\u00f1a fresca de 450 g, capturada en c\u00e1lidas aguas tropicales. Su carne, naturalmente dulce y delicada, se puede preparar a su gusto. <strong data-start=\"306\" data-end=\"336\">a la parrilla con mantequilla de ajo<\/strong>, <strong data-start=\"338\" data-end=\"358\">horneado con hierbas<\/strong>, <strong data-start=\"360\" data-end=\"382\" data-is-only-node=\"\">asado con lim\u00f3n<\/strong>, o <strong data-start=\"387\" data-end=\"421\">salteado en salsa de vino blanco<\/strong>Sea cual sea su elecci\u00f3n, es un lujo, un tratamiento fresco y oce\u00e1nico que nunca decepciona.<\/p>","protected":false},"excerpt":{"rendered":"<p data-start=\"0\" data-end=\"114\">Cola de langosta caribe\u00f1a fresca de 1 libra: dulce, tierna y preparada tal como a usted le gusta.<\/p>\n<p data-start=\"116\" data-end=\"504\">","protected":false},"featured_media":28826,"template":"","meta":{"_kadence_starter_templates_imported_post":false,"_kad_post_transparent":"default","_kad_post_title":"","_kad_post_layout":"default","_kad_post_sidebar_id":"","_kad_post_content_style":"default","_kad_post_vertical_padding":"default","_kad_post_feature":"","_kad_post_feature_position":"","_kad_post_header":false,"_kad_post_footer":false,"_kad_post_classname":""},"product_brand":[],"product_cat":[59],"product_tag":[],"class_list":{"0":"post-28824","1":"product","2":"type-product","3":"status-publish","4":"has-post-thumbnail","6":"product_cat-entrees","8":"first","9":"instock","10":"taxable","11":"shipping-taxable","12":"purchasable","13":"product-type-simple","14":"entry","15":"content-bg","16":"loop-entry"},"_links":{"self":[{"href":"https:\/\/elpatiodepancho.com\/es\/wp-json\/wp\/v2\/product\/28824","targetHints":{"allow":["GET"]}}],"collection":[{"href":"https:\/\/elpatiodepancho.com\/es\/wp-json\/wp\/v2\/product"}],"about":[{"href":"https:\/\/elpatiodepancho.com\/es\/wp-json\/wp\/v2\/types\/product"}],"wp:featuredmedia":[{"embeddable":true,"href":"https:\/\/elpatiodepancho.com\/es\/wp-json\/wp\/v2\/media\/28826"}],"wp:attachment":[{"href":"https:\/\/elpatiodepancho.com\/es\/wp-json\/wp\/v2\/media?parent=28824"}],"wp:term":[{"taxonomy":"product_brand","embeddable":true,"href":"https:\/\/elpatiodepancho.com\/es\/wp-json\/wp\/v2\/product_brand?post=28824"},{"taxonomy":"product_cat","embeddable":true,"href":"https:\/\/elpatiodepancho.com\/es\/wp-json\/wp\/v2\/product_cat?post=28824"},{"taxonomy":"product_tag","embeddable":true,"href":"https:\/\/elpatiodepancho.com\/es\/wp-json\/wp\/v2\/product_tag?post=28824"}],"curies":[{"name":"gracias","href":"https:\/\/api.w.org\/{rel}","templated":true}]}}