





{"id":28971,"date":"2025-10-27T17:03:41","date_gmt":"2025-10-27T23:03:41","guid":{"rendered":"https:\/\/elpatiodepancho.com\/?post_type=product&#038;p=28971"},"modified":"2025-10-27T17:04:04","modified_gmt":"2025-10-27T23:04:04","slug":"classic-spaghetti-bolognese-mar-abierto","status":"publish","type":"product","link":"https:\/\/elpatiodepancho.com\/es\/on-the-beach\/classic-spaghetti-bolognese-mar-abierto\/","title":{"rendered":"Espaguetis a la bolo\u00f1esa cl\u00e1sicos"},"content":{"rendered":"<p>Nuestra bolo\u00f1esa casera se cocina a fuego lento con tomates, verduras arom\u00e1ticas y hierbas, luego se mezcla con espaguetis al dente y se termina con parmesano rallado y albahaca fresca. Un plato reconfortante.<\/p>","protected":false},"excerpt":{"rendered":"<p>Rag\u00fa de carne cocinado a fuego lento sobre espaguetis al dente, terminado con parmesano.<\/p>","protected":false},"featured_media":27333,"template":"","meta":{"_kadence_starter_templates_imported_post":false,"_kad_post_transparent":"default","_kad_post_title":"","_kad_post_layout":"default","_kad_post_sidebar_id":"","_kad_post_content_style":"default","_kad_post_vertical_padding":"default","_kad_post_feature":"","_kad_post_feature_position":"","_kad_post_header":false,"_kad_post_footer":false,"_kad_post_classname":""},"product_brand":[],"product_cat":[73],"product_tag":[45,44,46],"class_list":{"0":"post-28971","1":"product","2":"type-product","3":"status-publish","4":"has-post-thumbnail","6":"product_cat-on-the-beach","7":"product_tag-beef","8":"product_tag-italian","9":"product_tag-sauce","11":"first","12":"instock","13":"taxable","14":"shipping-taxable","15":"purchasable","16":"product-type-simple","17":"entry","18":"content-bg","19":"loop-entry"},"_links":{"self":[{"href":"https:\/\/elpatiodepancho.com\/es\/wp-json\/wp\/v2\/product\/28971","targetHints":{"allow":["GET"]}}],"collection":[{"href":"https:\/\/elpatiodepancho.com\/es\/wp-json\/wp\/v2\/product"}],"about":[{"href":"https:\/\/elpatiodepancho.com\/es\/wp-json\/wp\/v2\/types\/product"}],"wp:featuredmedia":[{"embeddable":true,"href":"https:\/\/elpatiodepancho.com\/es\/wp-json\/wp\/v2\/media\/27333"}],"wp:attachment":[{"href":"https:\/\/elpatiodepancho.com\/es\/wp-json\/wp\/v2\/media?parent=28971"}],"wp:term":[{"taxonomy":"product_brand","embeddable":true,"href":"https:\/\/elpatiodepancho.com\/es\/wp-json\/wp\/v2\/product_brand?post=28971"},{"taxonomy":"product_cat","embeddable":true,"href":"https:\/\/elpatiodepancho.com\/es\/wp-json\/wp\/v2\/product_cat?post=28971"},{"taxonomy":"product_tag","embeddable":true,"href":"https:\/\/elpatiodepancho.com\/es\/wp-json\/wp\/v2\/product_tag?post=28971"}],"curies":[{"name":"gracias","href":"https:\/\/api.w.org\/{rel}","templated":true}]}}